{"id":3119,"date":"2021-08-23T13:01:09","date_gmt":"2021-08-23T13:01:09","guid":{"rendered":"https:\/\/svaab.vn\/?page_id=3119"},"modified":"2021-08-23T13:01:53","modified_gmt":"2021-08-23T13:01:53","slug":"contact","status":"publish","type":"page","link":"https:\/\/svaab.vn\/en\/contact\/","title":{"rendered":"Contact"},"content":{"rendered":"\n\t<section class=\"section dark\" id=\"section_1418347167\">\n\t\t<div class=\"section-bg fill\" >\n\t\t\t<img decoding=\"async\" width=\"2248\" height=\"976\" src=\"https:\/\/svaab.vn\/wp-content\/uploads\/2021\/08\/qc5.jpg\" class=\"bg attachment- size-\" alt=\"\" \/>\t\t\t\t\t\t\n\t\t\t\n\n\t\t<\/div>\n\n\t\t\n\n\t\t<div class=\"section-content relative\">\n\t\t\t\n<div class=\"row align-center\"  id=\"row-1886913902\">\n\n\t<div id=\"col-22256050\" class=\"col medium-7 small-12 large-5\"  >\n\t\t\t\t<div class=\"col-inner\"  >\n\t\t\t\n\t\t\t\n\t\t<\/div>\n\t\t\t\t\t<\/div>\n\n\t\n<\/div>\n\t\t<\/div>\n\n\t\t\n<style>\n#section_1418347167 {\n  padding-top: 30px;\n  padding-bottom: 30px;\n  min-height: 350px;\n}\n@media (min-width:550px) {\n  #section_1418347167 {\n    min-height: 550px;\n  }\n}\n<\/style>\n\t<\/section>\n\t\n\n\t<section class=\"section\" id=\"section_1897634806\">\n\t\t<div class=\"section-bg fill\" >\n\t\t\t\t\t\t\t\t\t\n\t\t\t\n\n\t\t<\/div>\n\n\t\t\n\n\t\t<div class=\"section-content relative\">\n\t\t\t\n\t<div id=\"gap-373460788\" class=\"gap-element clearfix\" style=\"display:block; height:auto;\">\n\t\t\n<style>\n#gap-373460788 {\n  padding-top: 30px;\n}\n<\/style>\n\t<\/div>\n\t\n<div class=\"row\"  id=\"row-839571667\">\n\n\t<div id=\"col-1794836622\" class=\"col medium-6 small-12 large-6\"  >\n\t\t\t\t<div class=\"col-inner\"  >\n\t\t\t\n\t\t\t\n\n  <div class=\"banner has-hover\" id=\"banner-217239310\">\n          <div class=\"banner-inner fill\">\n        <div class=\"banner-bg fill\" >\n            <img decoding=\"async\" width=\"900\" height=\"603\" src=\"https:\/\/svaab.vn\/wp-content\/uploads\/2021\/08\/92.png\" class=\"bg attachment-large size-large\" alt=\"\" \/>                                    \n                    <\/div>\n\t\t\n        <div class=\"banner-layers container\">\n            <div class=\"fill banner-link\"><\/div>            \n        <\/div>\n      <\/div>\n\n            \n<style>\n#banner-217239310 {\n  padding-top: 280px;\n}\n#banner-217239310 .banner-bg img {\n  object-position: 0% 49%;\n}\n@media (min-width:550px) {\n  #banner-217239310 {\n    padding-top: 70%;\n  }\n}\n<\/style>\n  <\/div>\n\n\n\t\t<\/div>\n\t\t\t\t\t<\/div>\n\n\t\n\n\t<div id=\"col-2127990175\" class=\"col medium-6 small-11 large-6\"  >\n\t\t\t\t<div class=\"col-inner\"  >\n\t\t\t\n\t\t\t\n\t<div id=\"gap-182993989\" class=\"gap-element clearfix\" style=\"display:block; height:auto;\">\n\t\t\n<style>\n#gap-182993989 {\n  padding-top: 15px;\n}\n<\/style>\n\t<\/div>\n\t\n\t<div id=\"text-2811448036\" class=\"text\">\n\t\t\n<h2 class=\"uppercase\"><span style=\"color: #4d4c4c;\"><strong>TH\u00d4NG TIN LI\u00caN H\u1ec6:<\/strong><\/span><\/h2>\n<h4><span style=\"font-size: 115%; color: #4d4c4c;\"><strong>C\u00d4NG TY TNHH HO\u00c1 M\u1ef8 PH\u1ea8M S VI\u1ec6T AAB<\/strong><\/span><\/h4>\n<ul>\n<li><span style=\"font-size: 110%; color: #4d4c4c;\"><b>Tr\u1ee5 s\u1edf ch\u00ednh: <\/b>S\u1ed1 219E ph\u1ed1 Kh\u00e2m Thi\u00ean, ph\u01b0\u1eddng Th\u1ed5 Quan, qu\u1eadn \u0110\u1ed1ng \u0110a, H\u00e0 N\u1ed9i, Vi\u1ec7t Nam.<\/span><\/li>\n<li><span style=\"font-size: 110%; color: #4d4c4c;\"><strong>Nh\u00e0 m\u00e1y s\u1ea3n xu\u1ea5t: <\/strong>KCN V\u0129nh Kh\u00fac, th\u00f4n V\u0129nh B\u1ea3o, x\u00e3 V\u0129nh Kh\u00fac, huy\u1ec7n V\u0103n Giang, t\u1ec9nh H\u01b0ng Y\u00ean, Vi\u1ec7t Nam.<\/span><\/li>\n<li><span style=\"color: #4d4c4c; font-size: 110%;\"><strong>Email: <\/strong>svietaab@gmail.com<\/span><\/li>\n<li><span style=\"font-size: 110%; color: #4d4c4c;\"><strong>\u0110i\u1ec7n tho\u1ea1i<\/strong>: 0246 684 2426<\/span><\/li>\n<\/ul>\n\t\t\n<style>\n#text-2811448036 {\n  color: rgb(77, 76, 76);\n}\n#text-2811448036 > * {\n  color: rgb(77, 76, 76);\n}\n<\/style>\n\t<\/div>\n\t\n\t<div id=\"gap-1307061054\" class=\"gap-element clearfix\" style=\"display:block; height:auto;\">\n\t\t\n<style>\n#gap-1307061054 {\n  padding-top: 10px;\n}\n<\/style>\n\t<\/div>\n\t\n\t\t<\/div>\n\t\t\t\t\n<style>\n#col-2127990175 > .col-inner {\n  padding: 0px 0px 0px 40px;\n}\n<\/style>\n\t<\/div>\n\n\t\n<\/div>\n\t\t<\/div>\n\n\t\t\n<style>\n#section_1897634806 {\n  padding-top: 0px;\n  padding-bottom: 0px;\n}\n@media (min-width:550px) {\n  #section_1897634806 {\n    padding-top: 30px;\n    padding-bottom: 30px;\n  }\n}\n<\/style>\n\t<\/section>\n\t\n\n\t<section class=\"section\" id=\"section_452643450\">\n\t\t<div class=\"section-bg fill\" >\n\t\t\t<img decoding=\"async\" width=\"1000\" height=\"667\" src=\"https:\/\/svaab.vn\/wp-content\/uploads\/2021\/08\/unsplash30-4-of-7.jpg\" class=\"bg attachment- size-\" alt=\"\" \/>\t\t\t\t\t\t<div class=\"section-bg-overlay absolute fill\"><\/div>\n\t\t\t\n\n\t\t<\/div>\n\n\t\t\n\n\t\t<div class=\"section-content relative\">\n\t\t\t\n<div class=\"row\"  id=\"row-445891838\">\n\n\t<div id=\"col-1850505772\" class=\"col small-12 large-12\"  >\n\t\t\t\t<div class=\"col-inner\"  >\n\t\t\t\n\t\t\t\n\t<div id=\"gap-2009464004\" class=\"gap-element clearfix\" style=\"display:block; height:auto;\">\n\t\t\n<style>\n#gap-2009464004 {\n  padding-top: 35px;\n}\n<\/style>\n\t<\/div>\n\t\n<div class=\"row row-collapse row-full-width\"  id=\"row-1699030848\">\n\n\t<div id=\"col-680574221\" class=\"col medium-6 small-12 large-6\"  >\n\t\t\t\t<div class=\"col-inner\"  >\n\t\t\t\n\t\t\t\n\n  <div class=\"banner has-hover\" id=\"banner-2146404001\">\n          <div class=\"banner-inner fill\">\n        <div class=\"banner-bg fill\" >\n            <img decoding=\"async\" width=\"800\" height=\"800\" src=\"https:\/\/svaab.vn\/wp-content\/uploads\/2021\/08\/Ba\u0309n-sao-B8-800x800.jpg\" class=\"bg attachment-large size-large\" alt=\"\" \/>                                    \n                    <\/div>\n\t\t\n        <div class=\"banner-layers container\">\n            <div class=\"fill banner-link\"><\/div>            \n   <div id=\"text-box-779545362\" class=\"text-box banner-layer x50 md-x50 lg-x50 y50 md-y50 lg-y50 res-text\">\n                                <div class=\"text-box-content text \">\n              \n              <div class=\"text-inner text-center\">\n                  \n\t<div id=\"gap-316605764\" class=\"gap-element clearfix\" style=\"display:block; height:auto;\">\n\t\t\n<style>\n#gap-316605764 {\n  padding-top: 10px;\n}\n<\/style>\n\t<\/div>\n\t\n              <\/div>\n           <\/div>\n                            \n<style>\n#text-box-779545362 {\n  width: 60%;\n}\n#text-box-779545362 .text-box-content {\n  font-size: 100%;\n}\n<\/style>\n    <\/div>\n \n        <\/div>\n      <\/div>\n\n            \n<style>\n#banner-2146404001 {\n  padding-top: 499px;\n  background-color: rgb(255, 255, 255);\n}\n<\/style>\n  <\/div>\n\n\n\t\t<\/div>\n\t\t\t\t\t<\/div>\n\n\t\n\n\t<div id=\"col-1059808427\" class=\"col medium-6 small-12 large-6\"  >\n\t\t\t\t<div class=\"col-inner\"  >\n\t\t\t\n\t\t\t\n\n\t<script type=\"text\/javascript\">\n  jQuery( document ).ready(function() {\n    function initialize() {\n        var styles = {\n            'flatsome':  [{\n            \"featureType\": \"administrative\",\n            \"stylers\": [\n              { \"visibility\": \"on\" }\n            ]\n          },\n          {\n            \"featureType\": \"road\",\n            \"stylers\": [\n              { \"visibility\": \"on\" },\n              { \"hue\": \"#455e61\" }\n            ]\n          },\n          {\n            \"stylers\": [\n\t\t\t  { \"visibility\": \"on\" },\n\t\t\t  { \"hue\": \"#455e61\" },\n\t\t\t  { \"saturation\": -81 }\n            ]\n          }\n        ]};\n\n        var myLatlng = new google.maps.LatLng(40.79028, -73.95972);\n        var myOptions = {\n            zoom: 17,\n            center: myLatlng,\n            mapTypeId: google.maps.MapTypeId.ROADMAP,\n            disableDefaultUI: true,\n            mapTypeId: 'flatsome',\n            draggable: true,\n            zoomControl: false,\n            zoomControlOptions: {\n              position: google.maps.ControlPosition.TOP_LEFT\n            },\n      \t\t\tmapTypeControl: false,\n            mapTypeControlOptions: {\n              position: google.maps.ControlPosition.TOP_LEFT\n            },\n      \t\t\tstreetViewControl: false,\n            streetViewControlOptions: {\n              position: google.maps.ControlPosition.TOP_LEFT\n            },\n            scrollwheel: false,\n            disableDoubleClickZoom: true\n        }\n        var map = new google.maps.Map(document.getElementById(\"map-3252123392-inner\"), myOptions);\n        var styledMapType = new google.maps.StyledMapType(styles['flatsome'], {name: 'flatsome'});\n        map.mapTypes.set('flatsome', styledMapType);\n\n        var marker = new google.maps.Marker({\n            position: myLatlng,\n            map: map,\n            title:\"\"\n        });\n    }\n\n    \/\/ Required to proceed\n    if (!(typeof google === 'object' && typeof google.maps === 'object')) {\n      return\n    }\n\n    initialize()\n    google.maps.event.addDomListener(window, 'resize', initialize);\n    });\n    <\/script>\n\n    <div class=\"google-map relative mb\" id=\"map-3252123392\">\n        <div class=\"map-height\" id=\"map-3252123392-inner\"><\/div>\n        <div id=\"map_overlay_top\"><\/div>\n        <div id=\"map_overlay_bottom\"><\/div>\n                  <div class=\"map_inner map-inner last-reset absolute x100 md-x95 lg-x95 y100 md-y95 lg-y95\">\n              \n<h3><span style=\"color: #4d4c4c;\">219E Kh\u00e2m Thi\u00ean, Th\u1ed5 Quan, \u0110\u1ed1ng \u0110a, H\u00e0 N\u1ed9i, Vi\u1ec7t Nam.<\/span><\/h3>\n<p><span style=\"color: #4d4c4c;\">Gi\u1edd m\u1edf c\u1eeda: 08:00 &#8211; 17:30 t\u1eeb th\u1ee9 2 &#8211; th\u1ee9 7<\/span><\/p>\n         <\/div>\n       \n       \n<style>\n#map-3252123392 .map-inner {\n  background-color: rgba(255, 255, 255, 0.97);\n  max-width: 100%;\n}\n#map-3252123392 .map-height {\n  height: 499px;\n}\n@media (min-width:550px) {\n  #map-3252123392 .map-inner {\n    max-width: 40%;\n  }\n}\n@media (min-width:850px) {\n  #map-3252123392 .map-inner {\n    max-width: 79%;\n  }\n}\n<\/style>\n    <\/div>\n\n\t\n\t\t<\/div>\n\t\t\t\t\t<\/div>\n\n\t\n<\/div>\n\t\t<\/div>\n\t\t\t\t\t<\/div>\n\n\t\n<\/div>\n\t\t<\/div>\n\n\t\t\n<style>\n#section_452643450 {\n  padding-top: 30px;\n  padding-bottom: 30px;\n}\n#section_452643450 .section-bg-overlay {\n  background-color: rgba(32, 82, 101, 0.6);\n}\n#section_452643450 .section-bg img {\n  object-position: 54% 59%;\n}\n<\/style>\n\t<\/section>\n\t\n\n\t<section class=\"section\" id=\"section_635516890\">\n\t\t<div class=\"section-bg fill\" >\n\t\t\t\t\t\t\t\t\t\n\t\t\t\n\n\t\t<\/div>\n\n\t\t\n\n\t\t<div class=\"section-content relative\">\n\t\t\t\n<div class=\"row align-center\" style=\"max-width:1300px\" id=\"row-1537586274\">\n\n\t<div id=\"col-477782922\" class=\"col medium-11 small-11 large-9\"  >\n\t\t\t\t<div class=\"col-inner\"  >\n\t\t\t\n\t\t\t\n\t\t<\/div>\n\t\t\t\t\n<style>\n#col-477782922 > .col-inner {\n  margin: -270px 0px 0px 0px;\n}\n@media (min-width:550px) {\n  #col-477782922 > .col-inner {\n    margin: -550px 0px 0px 0px;\n  }\n}\n@media (min-width:850px) {\n  #col-477782922 > .col-inner {\n    margin: -690px 0px 0px 0px;\n  }\n}\n<\/style>\n\t<\/div>\n\n\t\n<\/div>\n\t\t<\/div>\n\n\t\t\n<style>\n#section_635516890 {\n  padding-top: 0px;\n  padding-bottom: 0px;\n  background-color: rgb(255, 255, 255);\n}\n<\/style>\n\t<\/section>\n\t\n","protected":false},"excerpt":{"rendered":"","protected":false},"author":1,"featured_media":0,"parent":0,"menu_order":20,"comment_status":"closed","ping_status":"closed","template":"page-blank.php","meta":{"footnotes":""},"class_list":["post-3119","page","type-page","status-publish","hentry"],"_links":{"self":[{"href":"https:\/\/svaab.vn\/en\/wp-json\/wp\/v2\/pages\/3119","targetHints":{"allow":["GET"]}}],"collection":[{"href":"https:\/\/svaab.vn\/en\/wp-json\/wp\/v2\/pages"}],"about":[{"href":"https:\/\/svaab.vn\/en\/wp-json\/wp\/v2\/types\/page"}],"author":[{"embeddable":true,"href":"https:\/\/svaab.vn\/en\/wp-json\/wp\/v2\/users\/1"}],"replies":[{"embeddable":true,"href":"https:\/\/svaab.vn\/en\/wp-json\/wp\/v2\/comments?post=3119"}],"version-history":[{"count":2,"href":"https:\/\/svaab.vn\/en\/wp-json\/wp\/v2\/pages\/3119\/revisions"}],"predecessor-version":[{"id":3121,"href":"https:\/\/svaab.vn\/en\/wp-json\/wp\/v2\/pages\/3119\/revisions\/3121"}],"wp:attachment":[{"href":"https:\/\/svaab.vn\/en\/wp-json\/wp\/v2\/media?parent=3119"}],"curies":[{"name":"wp","href":"https:\/\/api.w.org\/{rel}","templated":true}]}}