{"id":3125,"date":"2021-08-23T13:09:07","date_gmt":"2021-08-23T13:09:07","guid":{"rendered":"https:\/\/svaab.vn\/?page_id=3125"},"modified":"2021-08-23T13:09:26","modified_gmt":"2021-08-23T13:09:26","slug":"become-a-svaab-partner","status":"publish","type":"page","link":"https:\/\/svaab.vn\/en\/become-a-svaab-partner\/","title":{"rendered":"Become a  SVAAB&#8217; partner"},"content":{"rendered":"\n\t<section class=\"section dark\" id=\"section_1722474577\">\n\t\t<div class=\"section-bg fill\" >\n\t\t\t<img decoding=\"async\" width=\"900\" height=\"603\" src=\"https:\/\/svaab.vn\/wp-content\/uploads\/2021\/08\/70.png\" class=\"bg attachment- size-\" alt=\"\" \/>\t\t\t\t\t\t<div class=\"section-bg-overlay absolute fill\"><\/div><button class=\"scroll-for-more z-5 icon absolute bottom h-center\" aria-label=\"Scroll for more\"><i class=\"icon-angle-down\" style=\"font-size:42px;\" ><\/i><\/button>\n\t\t\t\n\n\t\t<\/div>\n\n\t\t\n\n\t\t<div class=\"section-content relative\">\n\t\t\t\n\t<div id=\"gap-1139433654\" class=\"gap-element clearfix\" style=\"display:block; height:auto;\">\n\t\t\n<style>\n#gap-1139433654 {\n  padding-top: 30px;\n}\n<\/style>\n\t<\/div>\n\t\n\t<div id=\"text-2620895239\" class=\"text\">\n\t\t\n<h1 style=\"text-align: center;\"><span style=\"font-size: 200%; color: #f2f0f0;\">TH\u01af M\u1edcI H\u1ee2P T\u00c1C<\/span><\/h1>\n\t\t\n<style>\n#text-2620895239 {\n  font-size: 1.3rem;\n}\n<\/style>\n\t<\/div>\n\t\n\t<div id=\"gap-624406789\" class=\"gap-element clearfix\" style=\"display:block; height:auto;\">\n\t\t\n<style>\n#gap-624406789 {\n  padding-top: 30px;\n}\n<\/style>\n\t<\/div>\n\t\n\t\t<\/div>\n\n\t\t\n<style>\n#section_1722474577 {\n  padding-top: 30px;\n  padding-bottom: 30px;\n  min-height: 600px;\n}\n#section_1722474577 .section-bg-overlay {\n  background-color: rgba(77, 76, 76, 0.698);\n}\n#section_1722474577 .section-bg img {\n  object-position: 63% 50%;\n}\n<\/style>\n\t<\/section>\n\t\n\n\t<section class=\"section\" id=\"section_1829220915\">\n\t\t<div class=\"section-bg fill\" >\n\t\t\t\t\t\t\t\t\t\n\t\t\t\n\n\t\t<\/div>\n\n\t\t\n\n\t\t<div class=\"section-content relative\">\n\t\t\t\n<div class=\"row\"  id=\"row-1849231231\">\n\n\t<div id=\"col-2056428248\" class=\"col small-12 large-12\"  >\n\t\t\t\t<div class=\"col-inner text-center\"  >\n\t\t\t\n\t\t\t\n\t<div id=\"text-2539792514\" class=\"text\">\n\t\t\n<h2><span style=\"color: #4d4c4c; font-size: 110%;\"><b>K\u00cdNH G\u1eecI: QU\u00dd \u0110\u1ed0I T\u00c1C<\/b><\/span><\/h2>\n<div><\/div>\n<div style=\"text-align: justify;\"><span style=\"color: #4d4c4c;\">\u0110\u1ea7u ti\u00ean, Ban gi\u00e1m \u0111\u1ed1c C\u00f4ng ty TNHH Ho\u00e1 M\u1ef9 Ph\u1ea9m S Vi\u1ec7t AAB xin g\u1eedi \u0111\u1ebfn Qu\u00fd \u0111\u1ed1i t\u00e1c l\u1eddi ch\u00e0o tr\u00e2n tr\u1ecdng, l\u1eddi ch\u00fac may m\u1eafn v\u00e0 th\u00e0nh c\u00f4ng.<\/span><\/div>\n<div style=\"text-align: justify;\"><\/div>\n<div style=\"text-align: justify;\"><span style=\"color: #4d4c4c;\">C\u00f4ng ty TNHH Ho\u00e1 M\u1ef9 Ph\u1ea9m S Vi\u1ec7t AAB c\u00f3 ti\u1ec1n th\u00e2n l\u00e0 C\u00f4ng ty C\u1ed5 ph\u1ea7n S\u1ea3n xu\u1ea5t v\u00e0 Th\u01b0\u01a1ng M\u1ea1i S Vi\u1ec7t &#8211; doanh nghi\u1ec7p Vi\u1ec7t Nam ti\u00ean phong trong l\u0129nh v\u1ef1c s\u1ea3n xu\u1ea5t ch\u1ea5t t\u1ea9y r\u1eeda gia d\u1ee5ng. V\u1edbi 12 n\u0103m kinh nghi\u1ec7m, ch\u00fang t\u00f4i \u0111\u00e3 v\u00e0 \u0111ang d\u1ea7n kh\u1eb3ng \u0111\u1ecbnh v\u1ecb th\u1ebf c\u1ee7a m\u00ecnh: Tr\u1edf th\u00e0nh doanh nghi\u1ec7p s\u1ea3n xu\u1ea5t ch\u1ea5t t\u1ea9y r\u1eeda Vi\u1ec7t Nam \u0111\u01b0\u1ee3c nhi\u1ec1u ng\u01b0\u1eddi tin t\u01b0\u1edfng s\u1eed d\u1ee5ng nh\u1ea5t.<\/span><\/div>\n<div style=\"text-align: justify;\"><\/div>\n<div style=\"text-align: justify;\"><span style=\"color: #4d4c4c;\">Hi\u1ec7n nay, S Vi\u1ec7t AAB \u0111ang tr\u1ef1c ti\u1ebfp s\u1ea3n xu\u1ea5t v\u00e0 ph\u00e2n ph\u1ed1i nhi\u1ec1u m\u1eb7t h\u00e0ng ch\u1ea5t t\u1ea9y r\u1eeda kh\u00e1c nhau nh\u01b0 n\u01b0\u1edbc gi\u1eb7t qu\u1ea7n \u00e1o, n\u01b0\u1edbc lau s\u00e0n, n\u01b0\u1edbc r\u1eeda ch\u00e9n b\u00e1t, n\u01b0\u1edbc t\u1ea9y nh\u00e0 v\u1ec7 sinh, n\u01b0\u1edbc lau k\u00ednh, l\u1ecd th\u1ea3 b\u1ed3n c\u1ea7u, s\u00e1p th\u01a1m, n\u1ebfn th\u01a1m\u2026 \u0111\u00e1p \u1ee9ng m\u1ecdi nhu c\u1ea7u s\u1eed d\u1ee5ng ch\u1ea5t t\u1ea9y r\u1eeda c\u1ee7a c\u00e1c gia \u0111\u00ecnh, c\u00f4ng ty, nh\u00e0 h\u00e0ng, kh\u00e1ch s\u1ea1n, d\u1ecbch v\u1ee5 v\u1ec7 sinh chuy\u00ean nghi\u1ec7p.<\/span><\/div>\n<div style=\"text-align: justify;\"><\/div>\n<div style=\"text-align: justify;\"><span style=\"color: #4d4c4c;\">V\u1edbi ph\u01b0\u01a1ng th\u1ee9c chuy\u00ean nghi\u1ec7p v\u00e0 t\u00f4n tr\u1ecdng kh\u00e1ch h\u00e0ng, ch\u00fang t\u00f4i mong mu\u1ed1n \u0111\u01b0a t\u1edbi t\u1eadn tay ng\u01b0\u1eddi ti\u00eau d\u00f9ng c\u00e1c s\u1ea3n ph\u1ea9m t\u1ea9y r\u1eeda ch\u00ednh h\u00e3ng, c\u00f3 ngu\u1ed3n g\u1ed1c xu\u1ea5t x\u1ee9 r\u00f5 r\u00e0ng, ch\u1ea5t l\u01b0\u1ee3ng t\u1ed1t, an to\u00e0n cho s\u1ee9c kho\u1ebb v\u00e0 m\u00f4i tr\u01b0\u1eddng.<\/span><\/div>\n<div style=\"text-align: justify;\"><\/div>\n<div style=\"text-align: justify;\"><span style=\"color: #4d4c4c;\">C\u00e1c s\u1ea3n ph\u1ea9m c\u1ee7a S Vi\u1ec7t AAB hi\u1ec7n \u0111ang \u0111\u01b0\u1ee3c ph\u00e2n ph\u1ed1i t\u1ea1i nhi\u1ec1u t\u1ec9nh th\u00e0nh trong c\u1ea3 n\u01b0\u1edbc, nh\u1eadn \u0111\u01b0\u1ee3c s\u1ef1 tin t\u01b0\u1edfng v\u00e0 \u0111\u00e1nh gi\u00e1 cao t\u1eeb ph\u00eda \u0111\u1ed1i t\u00e1c, ng\u01b0\u1eddi ti\u00eau d\u00f9ng.<\/span><\/div>\n\t\t\n<style>\n#text-2539792514 {\n  color: rgb(77, 76, 76);\n}\n#text-2539792514 > * {\n  color: rgb(77, 76, 76);\n}\n<\/style>\n\t<\/div>\n\t\n\t\t<\/div>\n\t\t\t\t\t<\/div>\n\n\t\n<\/div>\n<div class=\"row align-equal row-box-shadow-2-hover\"  id=\"row-952611510\">\n\n\t<div id=\"col-2119199464\" class=\"col medium-6 small-12 large-4\"  data-animate=\"bounceInUp\">\n\t\t\t\t<div class=\"col-inner\"  >\n\t\t\t\n\t\t\t\n\n\t<a class=\"plain\" href=\"#\" >\t<div class=\"icon-box featured-box icon-box-center text-center\"  >\n\t\t\t\t\t<div class=\"icon-box-img\" style=\"width: 48px\">\n\t\t\t\t<div class=\"icon\">\n\t\t\t\t\t<div class=\"icon-inner\" >\n\t\t\t\t\t\t<img decoding=\"async\" width=\"96\" height=\"96\" src=\"https:\/\/svaab.vn\/wp-content\/uploads\/2021\/08\/truck-line-2.png\" class=\"attachment-medium size-medium\" alt=\"\" \/>\t\t\t\t\t<\/div>\n\t\t\t\t<\/div>\n\t\t\t<\/div>\n\t\t\t\t<div class=\"icon-box-text last-reset\">\n\t\t\t\t\t\t\t\t\t\n\t<div id=\"text-2964211119\" class=\"text\">\n\t\t\n<h3><strong><span style=\"color: #4d4c4c;\">Mi\u1ec1n B\u1eafc<\/span><\/strong><\/h3>\n<p style=\"text-align: justify;\"><span style=\"color: #4d4c4c;\">H\u00e0 N\u1ed9i, \u200bB\u1eafc Ninh, H\u00e0 Nam, Qu\u1ea3ng Ninh, H\u01b0ng Y\u00ean, H\u1ea3i Ph\u00f2ng, L\u1ea1ng S\u01a1n, Cao B\u1eb1ng,&#8230;<\/span><\/p>\n\t\t\n<style>\n#text-2964211119 {\n  color: rgb(77, 76, 76);\n}\n#text-2964211119 > * {\n  color: rgb(77, 76, 76);\n}\n<\/style>\n\t<\/div>\n\t\n\t\t<\/div>\n\t<\/div>\n\t<\/a>\n\t\n\t\t<\/div>\n\t\t\t\t\t<\/div>\n\n\t\n\n\t<div id=\"col-2034385175\" class=\"col medium-6 small-12 large-4\"  data-animate=\"bounceInUp\">\n\t\t\t\t<div class=\"col-inner\"  >\n\t\t\t\n\t\t\t\n\n\t<a class=\"plain\" href=\"#\" >\t<div class=\"icon-box featured-box icon-box-center text-center\"  >\n\t\t\t\t\t<div class=\"icon-box-img\" style=\"width: 48px\">\n\t\t\t\t<div class=\"icon\">\n\t\t\t\t\t<div class=\"icon-inner\" >\n\t\t\t\t\t\t<img decoding=\"async\" width=\"96\" height=\"96\" src=\"https:\/\/svaab.vn\/wp-content\/uploads\/2021\/08\/bank-card-2-line.png\" class=\"attachment-medium size-medium\" alt=\"\" \/>\t\t\t\t\t<\/div>\n\t\t\t\t<\/div>\n\t\t\t<\/div>\n\t\t\t\t<div class=\"icon-box-text last-reset\">\n\t\t\t\t\t\t\t\t\t\n\t<div id=\"text-824166752\" class=\"text\">\n\t\t\n<h3><strong><span style=\"color: #4d4c4c;\">Mi\u1ec1n Trung<\/span><\/strong><\/h3>\n<p style=\"text-align: justify;\"><span style=\"color: #4d4c4c;\">Thanh H\u00f3a, Ngh\u1ec7 An, H\u00e0 T\u0129nh, Qu\u1ea3ng B\u00ecnh, Qu\u1ea3ng Tr\u1ecb, Th\u1eeba Thi\u00ean Hu\u1ebf, \u0110\u00e0 N\u1eb5ng.<\/span><\/p>\n\t\t\n<style>\n#text-824166752 {\n  color: rgb(77, 76, 76);\n}\n#text-824166752 > * {\n  color: rgb(77, 76, 76);\n}\n<\/style>\n\t<\/div>\n\t\n\t\t<\/div>\n\t<\/div>\n\t<\/a>\n\t\n\t\t<\/div>\n\t\t\t\t\t<\/div>\n\n\t\n\n\t<div id=\"col-840809457\" class=\"col medium-6 small-12 large-4\"  data-animate=\"bounceInUp\">\n\t\t\t\t<div class=\"col-inner\"  >\n\t\t\t\n\t\t\t\n\n\t<a class=\"plain\" href=\"#\" >\t<div class=\"icon-box featured-box icon-box-center text-center\"  >\n\t\t\t\t\t<div class=\"icon-box-img\" style=\"width: 48px\">\n\t\t\t\t<div class=\"icon\">\n\t\t\t\t\t<div class=\"icon-inner\" >\n\t\t\t\t\t\t<img decoding=\"async\" width=\"96\" height=\"96\" src=\"https:\/\/svaab.vn\/wp-content\/uploads\/2021\/08\/arrow-left-right-line.png\" class=\"attachment-medium size-medium\" alt=\"\" \/>\t\t\t\t\t<\/div>\n\t\t\t\t<\/div>\n\t\t\t<\/div>\n\t\t\t\t<div class=\"icon-box-text last-reset\">\n\t\t\t\t\t\t\t\t\t\n\t<div id=\"text-3936072433\" class=\"text\">\n\t\t\n<h3><strong><span style=\"color: #4d4c4c;\">Mi\u1ec1n Nam<\/span><\/strong><\/h3>\n<p style=\"text-align: justify;\"><span style=\"color: #4d4c4c;\">Th\u00e0nh ph\u1ed1 H\u1ed3 Ch\u00ed Minh, B\u00ecnh D\u01b0\u01a1ng, B\u00ecnh Thu\u1eadn, Nha Trang, C\u1ea7n Th\u01a1.<\/span><\/p>\n\t\t\n<style>\n#text-3936072433 {\n  color: rgb(77, 76, 76);\n}\n#text-3936072433 > * {\n  color: rgb(77, 76, 76);\n}\n<\/style>\n\t<\/div>\n\t\n\t\t<\/div>\n\t<\/div>\n\t<\/a>\n\t\n\t\t<\/div>\n\t\t\t\t\t<\/div>\n\n\t\n\n<style>\n#row-952611510 > .col > .col-inner {\n  padding: 40px 40px 40px 40px;\n  background-color: rgb(255,255,255);\n  border-radius: 20px;\n}\n<\/style>\n<\/div>\n\t\t<\/div>\n\n\t\t\n<style>\n#section_1829220915 {\n  padding-top: 60px;\n  padding-bottom: 60px;\n  background-color: rgb(250, 250, 250);\n}\n<\/style>\n\t<\/section>\n\t\n\n\t<section class=\"section\" id=\"section_326676988\">\n\t\t<div class=\"section-bg fill\" >\n\t\t\t\t\t\t\t\t\t\n\t\t\t\n\n\t\t<\/div>\n\n\t\t\n\n\t\t<div class=\"section-content relative\">\n\t\t\t\n<div class=\"row\"  id=\"row-1449799853\">\n\n\t<div id=\"col-1521814109\" class=\"col small-12 large-12\"  >\n\t\t\t\t<div class=\"col-inner text-center\"  >\n\t\t\t\n\t\t\t\n\t<div id=\"text-1596042423\" class=\"text\">\n\t\t\n<div style=\"text-align: justify;\"><span style=\"color: #4d4c4c;\">Trong th\u1eddi gian t\u1edbi, \u0111\u1ec3 \u0111\u01b0a s\u1ea3n ph\u1ea9m c\u1ee7a c\u00f4ng ty t\u1edbi g\u1ea7n h\u01a1n n\u1eefa v\u1edbi c\u00e1c gia \u0111\u00ecnh, ph\u1ee7 s\u00f3ng th\u01b0\u01a1ng hi\u1ec7u S Vi\u1ec7t AAB t\u1ea1i kh\u1eafp c\u00e1c t\u1ec9nh th\u00e0nh tr\u00ean c\u1ea3 n\u01b0\u1edbc. C\u00f4ng ty TNHH Ho\u00e1 M\u1ef9 Ph\u1ea9m S Vi\u1ec7t AAB xin g\u1eedi l\u1eddi m\u1eddi h\u1ee3p t\u00e1c kinh doanh \u0111\u1ebfn Qu\u00fd \u0111\u1ed1i t\u00e1c l\u00e0 c\u00e1c T\u1ed5 ch\u1ee9c, Doanh nghi\u1ec7p, C\u00e1 nh\u00e2n quan t\u00e2m t\u1edbi s\u1ea3n ph\u1ea9m v\u00e0 mong mu\u1ed1n c\u00f9ng ch\u00fang t\u00f4i th\u1ef1c hi\u1ec7n chung c\u00e1c ho\u1ea1t \u0111\u1ed9ng kinh doanh nh\u1eb1m gia t\u0103ng gi\u00e1 tr\u1ecb, qu\u1ea3ng b\u00e1 th\u01b0\u01a1ng hi\u1ec7u v\u00e0 g\u00f3p ph\u1ea7n c\u1ea3i thi\u1ec7n ch\u1ea5t l\u01b0\u1ee3ng cu\u1ed9c s\u1ed1ng c\u1ee7a c\u00e1c gia \u0111\u00ecnh Vi\u1ec7t Nam.<\/span><\/div>\n<div style=\"text-align: justify;\"><\/div>\n<div style=\"text-align: justify;\"><span style=\"color: #4d4c4c;\">C\u00f4ng ty TNHH Ho\u00e1 M\u1ef9 Ph\u1ea9m S Vi\u1ec7t AAB cam k\u1ebft lu\u00f4n d\u00e0nh cho Qu\u00fd \u0111\u1ed1i t\u00e1c c\u00e1c s\u1ea3n ph\u1ea9m t\u1ea9y r\u1eeda ch\u00ednh h\u00e3ng, ch\u1ea5t l\u01b0\u1ee3ng t\u1ed1t v\u1edbi m\u1eabu m\u00e3 \u0111a d\u1ea1ng, ch\u1ee7ng lo\u1ea1i phong ph\u00fa. C\u00f9ng ch\u00ednh s\u00e1ch gi\u00e1 c\u1ea3 h\u1ee3p l\u00fd, chi\u1ebft kh\u1ea5u h\u1ea5p d\u1eabn v\u00e0 nhi\u1ec1u ch\u01b0\u01a1ng tr\u00ecnh \u01b0u \u0111\u00e3i, h\u1ed7 tr\u1ee3 \u0111\u1eb7c bi\u1ec7t d\u00e0nh cho \u0111\u1ed1i t\u00e1c th\u00e2n thi\u1ebft.\u00a0<\/span><\/div>\n<div style=\"text-align: justify;\"><\/div>\n<div style=\"text-align: justify;\"><span style=\"color: #4d4c4c;\">V\u1edbi thi\u1ec7n ch\u00ed h\u1ee3p t\u00e1c c\u00f9ng ph\u00e1t tri\u1ec3n, C\u00f4ng ty TNHH Ho\u00e1 M\u1ef9 Ph\u1ea9m S Vi\u1ec7t AAB r\u1ea5t tin t\u01b0\u1edfng v\u00e0o s\u1ef1 th\u00e0nh c\u00f4ng v\u00e0 g\u1eafn k\u1ebft b\u1ec1n v\u1eefng trong qu\u00e1 tr\u00ecnh h\u1ee3p t\u00e1c gi\u1eefa ch\u00fang t\u00f4i v\u00e0 qu\u00fd v\u1ecb.<\/span><\/div>\n<div style=\"text-align: justify;\"><\/div>\n\t\t\n<style>\n#text-1596042423 {\n  color: rgb(77, 76, 76);\n}\n#text-1596042423 > * {\n  color: rgb(77, 76, 76);\n}\n<\/style>\n\t<\/div>\n\t\n\t\t<\/div>\n\t\t\t\t\t<\/div>\n\n\t\n<\/div>\n<div class=\"row\"  id=\"row-1917381403\">\n\n\t<div id=\"col-509859831\" class=\"col small-12 large-12\"  >\n\t\t\t\t<div class=\"col-inner text-center dark\" style=\"background-color:#273647;\" >\n\t\t\t\n\t\t\t\n<h3><span style=\"color: #f2f0f0;\">\u0110\u1ec3 t\u00ecm hi\u1ec3u th\u00eam th\u00f4ng tin v\u00e0 tr\u1edf th\u00e0nh nh\u00e0 ph\u00e2n ph\u1ed1i, \u0111\u1ea1i l\u00fd c\u1ee7a S Vi\u1ec7t AAB, qu\u00fd \u0111\u1ed1i t\u00e1c vui l\u00f2ng li\u00ean h\u1ec7:<\/span><\/h3>\n\t<div id=\"gap-1976628662\" class=\"gap-element clearfix\" style=\"display:block; height:auto;\">\n\t\t\n<style>\n#gap-1976628662 {\n  padding-top: 30px;\n}\n<\/style>\n\t<\/div>\n\t\n<a class=\"button primary is-larger\"  style=\"border-radius:99px;padding:10px 30px 10px 30px;\">\n\t\t<span>Hotline: 090 234 2426<\/span>\n\t<\/a>\n\n\t\t<\/div>\n\t\t\t\t\n<style>\n#col-509859831 > .col-inner {\n  padding: 40px 40px 40px 40px;\n  margin: 40px 0px 0px 0px;\n  border-radius: 20px;\n}\n<\/style>\n\t<\/div>\n\n\t\n<\/div>\n\t\t<\/div>\n\n\t\t\n<style>\n#section_326676988 {\n  padding-top: 80px;\n  padding-bottom: 80px;\n}\n<\/style>\n\t<\/section>\n\t\n","protected":false},"excerpt":{"rendered":"","protected":false},"author":1,"featured_media":0,"parent":0,"menu_order":0,"comment_status":"closed","ping_status":"closed","template":"","meta":{"footnotes":""},"class_list":["post-3125","page","type-page","status-publish","hentry"],"_links":{"self":[{"href":"https:\/\/svaab.vn\/en\/wp-json\/wp\/v2\/pages\/3125","targetHints":{"allow":["GET"]}}],"collection":[{"href":"https:\/\/svaab.vn\/en\/wp-json\/wp\/v2\/pages"}],"about":[{"href":"https:\/\/svaab.vn\/en\/wp-json\/wp\/v2\/types\/page"}],"author":[{"embeddable":true,"href":"https:\/\/svaab.vn\/en\/wp-json\/wp\/v2\/users\/1"}],"replies":[{"embeddable":true,"href":"https:\/\/svaab.vn\/en\/wp-json\/wp\/v2\/comments?post=3125"}],"version-history":[{"count":1,"href":"https:\/\/svaab.vn\/en\/wp-json\/wp\/v2\/pages\/3125\/revisions"}],"predecessor-version":[{"id":3126,"href":"https:\/\/svaab.vn\/en\/wp-json\/wp\/v2\/pages\/3125\/revisions\/3126"}],"wp:attachment":[{"href":"https:\/\/svaab.vn\/en\/wp-json\/wp\/v2\/media?parent=3125"}],"curies":[{"name":"wp","href":"https:\/\/api.w.org\/{rel}","templated":true}]}}