{"id":3129,"date":"2021-08-23T13:12:37","date_gmt":"2021-08-23T13:12:37","guid":{"rendered":"https:\/\/svaab.vn\/?page_id=3129"},"modified":"2021-08-23T13:12:54","modified_gmt":"2021-08-23T13:12:54","slug":"sales-policy","status":"publish","type":"page","link":"https:\/\/svaab.vn\/en\/sales-policy\/","title":{"rendered":"Sales policy"},"content":{"rendered":"\n\t<section class=\"section dark has-parallax\" id=\"section_95209154\">\n\t\t<div class=\"section-bg fill\" data-parallax-container=\".section\" data-parallax-background data-parallax=\"-7\">\n\t\t\t<img decoding=\"async\" width=\"900\" height=\"603\" src=\"https:\/\/svaab.vn\/wp-content\/uploads\/2021\/08\/58.png\" class=\"bg attachment- size-\" alt=\"\" \/>\t\t\t\t\t\t<div class=\"section-bg-overlay absolute fill\"><\/div>\n\t\t\t\n\n\t\t<\/div>\n\n\t\t\n\n\t\t<div class=\"section-content relative\">\n\t\t\t\n\t<div id=\"gap-1629858315\" class=\"gap-element clearfix\" style=\"display:block; height:auto;\">\n\t\t\n<style>\n#gap-1629858315 {\n  padding-top: 30px;\n}\n<\/style>\n\t<\/div>\n\t\n<div class=\"row align-center\"  id=\"row-1606373538\">\n\n\t<div id=\"col-2020200464\" class=\"col medium-10 small-12 large-9\"  >\n\t\t\t\t<div class=\"col-inner text-center\"  >\n\t\t\t\n\t\t\t\n\t<div id=\"text-86147976\" class=\"text\">\n\t\t\n<h1><span style=\"font-size: 200%; color: #f2f0f0;\">CH\u00cdNH S\u00c1CH B\u00c1N H\u00c0NG<\/span><\/h1>\n\t\t\n<style>\n#text-86147976 {\n  font-size: 1.2rem;\n}\n<\/style>\n\t<\/div>\n\t\n\t\t<\/div>\n\t\t\t\t\t<\/div>\n\n\t\n<\/div>\n\t\t<\/div>\n\n\t\t\n<style>\n#section_95209154 {\n  padding-top: 30px;\n  padding-bottom: 30px;\n  min-height: 500px;\n}\n#section_95209154 .section-bg-overlay {\n  background-color: rgba(0, 0, 0, 0.15);\n}\n#section_95209154 .section-bg img {\n  object-position: 0% 100%;\n}\n@media (min-width:550px) {\n  #section_95209154 {\n    min-height: 600px;\n  }\n  #section_95209154 .section-bg-overlay {\n    background-color: rgba(0, 0, 0, 0.09);\n  }\n}\n@media (min-width:850px) {\n  #section_95209154 .section-bg-overlay {\n    background-color: rgba(77, 76, 76, 0.698);\n  }\n}\n<\/style>\n\t<\/section>\n\t\n\n\t<section class=\"section\" id=\"section_603245157\">\n\t\t<div class=\"section-bg fill\" >\n\t\t\t\t\t\t\t\t\t\n\t\t\t\n\n\t\t<\/div>\n\n\t\t\n\n\t\t<div class=\"section-content relative\">\n\t\t\t\n<div class=\"row align-center\"  id=\"row-1858725071\">\n\n\t<div id=\"col-1529695095\" class=\"col medium-10 small-12 large-12\"  >\n\t\t\t\t<div class=\"col-inner text-center\"  >\n\t\t\t\n\t\t\t\n\t<div id=\"text-2637303118\" class=\"text\">\n\t\t\n<div style=\"text-align: justify;\"><span style=\"color: #4d4c4c;\">C\u00f4ng ty TNHH Ho\u00e1 M\u1ef9 Ph\u1ea9m S Vi\u1ec7t AAB c\u00f3 ti\u1ec1n th\u00e2n l\u00e0 C\u00f4ng ty C\u1ed5 ph\u1ea7n S\u1ea3n xu\u1ea5t v\u00e0 Th\u01b0\u01a1ng M\u1ea1i S Vi\u1ec7t &#8211; doanh nghi\u1ec7p Vi\u1ec7t Nam ti\u00ean phong trong l\u0129nh v\u1ef1c s\u1ea3n xu\u1ea5t ch\u1ea5t t\u1ea9y r\u1eeda gia d\u1ee5ng. Trong su\u1ed1t h\u00e0nh tr\u00ecnh 12 n\u0103m h\u00ecnh th\u00e0nh v\u00e0 ph\u00e1t tri\u1ec3n, ch\u00fang t\u00f4i kh\u00f4ng ng\u1eebng n\u1ed7 l\u1ef1c m\u1ed7i ng\u00e0y \u0111\u1ec3 tr\u1edf th\u00e0nh h\u00e3ng ch\u1ea5t t\u1ea9y r\u1eeda Vi\u1ec7t Nam \u0111\u01b0\u1ee3c nhi\u1ec1u ng\u01b0\u1eddi tin t\u01b0\u1edfng s\u1eed d\u1ee5ng nh\u1ea5t.<\/span><\/div>\n<div style=\"text-align: justify;\"><\/div>\n<div style=\"text-align: justify;\"><span style=\"color: #4d4c4c;\">Mong mu\u1ed1n \u0111\u01b0a t\u1edbi t\u1eadn tay ng\u01b0\u1eddi ti\u00eau d\u00f9ng Vi\u1ec7t c\u00e1c s\u1ea3n ph\u1ea9m ch\u1ea5t t\u1ea9y r\u1eeda ch\u00ednh h\u00e3ng, c\u00f3 ngu\u1ed3n g\u1ed1c r\u00f5 r\u00e0ng, ch\u1ea5t l\u01b0\u1ee3ng t\u1ed1t, \u0111\u00e1p \u1ee9ng \u0111\u01b0\u1ee3c m\u1ecdi nhu c\u1ea7u s\u1eed d\u1ee5ng, \u0111\u1ea3m b\u1ea3o an to\u00e0n cho s\u1ee9c kho\u1ebb v\u00e0 th\u00e2n thi\u1ec7n v\u1edbi m\u00f4i tr\u01b0\u1eddng. Ch\u00fang t\u00f4i r\u1ea5t c\u1ea7n s\u1ef1 chung tay, g\u00f3p s\u1ee9c c\u1ee7a h\u1ec7 th\u1ed1ng Nh\u00e0 ph\u00e2n ph\u1ed1i, \u0110\u1ea1i l\u00fd tr\u00ean c\u1ea3 n\u01b0\u1edbc v\u00e0 cam k\u1ebft h\u1ed7 tr\u1ee3 Nh\u00e0 ph\u00e2n ph\u1ed1i, \u0110\u1ea1i l\u00fd d\u1ef1a tr\u00ean c\u00e1c nguy\u00ean t\u1eafc minh b\u1ea1ch, ch\u00ednh s\u00e1ch b\u00e1n h\u00e0ng h\u1ea5p d\u1eabn<\/span><\/div>\n\t\t\n<style>\n#text-2637303118 {\n  color: rgb(77, 76, 76);\n}\n#text-2637303118 > * {\n  color: rgb(77, 76, 76);\n}\n<\/style>\n\t<\/div>\n\t\n\t\t<\/div>\n\t\t\t\t\t<\/div>\n\n\t\n<\/div>\n\t\t<\/div>\n\n\t\t\n<style>\n#section_603245157 {\n  padding-top: 80px;\n  padding-bottom: 80px;\n}\n<\/style>\n\t<\/section>\n\t\n\n\t<section class=\"section\" id=\"section_33172145\">\n\t\t<div class=\"section-bg fill\" >\n\t\t\t\t\t\t\t\t\t\n\t\t\t\n\n\t\t<\/div>\n\n\t\t\n\n\t\t<div class=\"section-content relative\">\n\t\t\t\n<div class=\"row row-large align-middle align-center\" style=\"max-width:1400px\" id=\"row-1036959967\">\n\n\t<div id=\"col-115841000\" class=\"col medium-9 small-12 large-6\"  >\n\t\t\t\t<div class=\"col-inner\"  >\n\t\t\t\n\t\t\t\n\n  <div class=\"banner has-hover\" id=\"banner-1599545211\">\n          <div class=\"banner-inner fill\">\n        <div class=\"banner-bg fill\" >\n            <img decoding=\"async\" width=\"900\" height=\"603\" src=\"https:\/\/svaab.vn\/wp-content\/uploads\/2021\/08\/72.png\" class=\"bg attachment-original size-original\" alt=\"\" \/>                                    \n                    <\/div>\n\t\t\n        <div class=\"banner-layers container\">\n            <div class=\"fill banner-link\"><\/div>            \n        <\/div>\n      <\/div>\n\n            \n<style>\n#banner-1599545211 {\n  padding-top: 300px;\n}\n#banner-1599545211 .banner-bg img {\n  object-position: 55% 0%;\n}\n@media (min-width:850px) {\n  #banner-1599545211 {\n    padding-top: 70%;\n  }\n}\n<\/style>\n  <\/div>\n\n\n\t\t<\/div>\n\t\t\t\t\t<\/div>\n\n\t\n\n\t<div id=\"col-911074531\" class=\"col medium-9 small-12 large-6\"  >\n\t\t\t\t<div class=\"col-inner text-left\"  >\n\t\t\t\n\t\t\t\n\t<div id=\"text-937421745\" class=\"text\">\n\t\t\n<h3><strong><span style=\"color: #4d4c4c;\">1. Nguy\u00ean t\u1eafc h\u1ee3p t\u00e1c b\u1ec1n v\u1eefng<\/span><\/strong><\/h3>\n<p style=\"text-align: justify;\"><span style=\"color: #4d4c4c;\">\u2013 S Vi\u1ec7t AAB chia s\u1ebb c\u01a1 h\u1ed9i, chia s\u1ebb l\u1ee3i \u00edch kinh doanh v\u00e0 \u0111\u1ed3ng h\u00e0nh l\u00e2u d\u00e0i, b\u1ec1n v\u1eefng c\u00f9ng c\u00e1c Nh\u00e0 ph\u00e2n ph\u1ed1i, \u0110\u1ea1i l\u00fd tr\u00ean c\u1ea3 n\u01b0\u1edbc.<\/span><br \/>\n<span style=\"color: #4d4c4c;\">\u2013 Quan t\u00e2m, h\u1ed7 tr\u1ee3 Nh\u00e0 ph\u00e2n ph\u1ed1i, \u0110\u1ea1i l\u00fd nh\u1eb1m n\u00e2ng cao hi\u1ec7u qu\u1ea3 kinh doanh<\/span><br \/>\n<span style=\"color: #4d4c4c;\">\u2013 B\u1ea3o v\u1ec7 kh\u00e1ch h\u00e0ng, \u0111\u1ea3m b\u1ea3o t\u00ednh c\u00f4ng b\u1eb1ng tr\u00ean to\u00e0n b\u1ed9 h\u1ec7 th\u1ed1ng ph\u00e2n ph\u1ed1i.<\/span><br \/>\n<span style=\"color: #4d4c4c;\">\u2013 C\u00f9ng Nh\u00e0 ph\u00e2n ph\u1ed1i, \u0110\u1ea1i l\u00fd mang \u0111\u1ebfn s\u1ea3n ph\u1ea9m ch\u00ednh h\u00e3ng, ch\u1ea5t l\u01b0\u1ee3ng cao, an to\u00e0n cho s\u1ee9c kh\u1ecfe ng\u01b0\u1eddi ti\u00eau d\u00f9ng v\u1edbi gi\u00e1 c\u1ea3 h\u1ee3p l\u00fd.<\/span><\/p>\n\t\t\n<style>\n#text-937421745 {\n  color: rgb(77, 76, 76);\n}\n#text-937421745 > * {\n  color: rgb(77, 76, 76);\n}\n<\/style>\n\t<\/div>\n\t\n\t\t<\/div>\n\t\t\t\t\n<style>\n#col-911074531 > .col-inner {\n  padding: 0px 0px 0px 0px;\n}\n@media (min-width:850px) {\n  #col-911074531 > .col-inner {\n    padding: 0px 50px 0px 50px;\n  }\n}\n<\/style>\n\t<\/div>\n\n\t\n<\/div>\n<div class=\"row row-large align-middle align-center\" style=\"max-width:1400px\" id=\"row-243892133\">\n\n\t<div id=\"col-1717657587\" class=\"col medium-9 small-12 large-6\"  >\n\t\t\t\t<div class=\"col-inner text-left\"  >\n\t\t\t\n\t\t\t\n\t<div id=\"text-1173364680\" class=\"text\">\n\t\t\n<h3><strong><span style=\"color: #4d4c4c;\">2. Ch\u00ednh s\u00e1ch b\u00e1n h\u00e0ng v\u00e0 chi\u1ebft kh\u1ea5u d\u00e0nh cho \u0111\u1ea1i l\u00fd<\/span><\/strong><\/h3>\n<p style=\"text-align: justify;\"><span style=\"color: #4d4c4c;\">\u2013 S Vi\u1ec7t AAB g\u1eedi b\u1ea3ng b\u00e1o gi\u00e1 s\u1ea3n ph\u1ea9m v\u00e0 % chi\u1ebft kh\u1ea5u c\u1ee5 th\u1ec3, minh b\u1ea1ch cho Nh\u00e0 ph\u00e2n ph\u1ed1i, \u0110\u1ea1i l\u00fd (ch\u01b0a c\u00f3 VAT)<\/span><br \/>\n<span style=\"color: #4d4c4c;\">\u2013 H\u00e0ng n\u0103m, c\u00f4ng ty s\u1ebd d\u1ef1a v\u00e0o doanh s\u1ed1, quy m\u00f4, n\u0103ng l\u1ef1c c\u1ee7a Nh\u00e0 ph\u00e2n ph\u1ed1i, \u0110\u1ea1i l\u00fd \u0111\u1ec3 \u0111i\u1ec1u ch\u1ec9nh m\u1ee9c chi\u1ebft kh\u1ea5u.<\/span><br \/>\n<span style=\"color: #4d4c4c;\">\u2013 C\u00f4ng ty cam k\u1ebft cung c\u1ea5p s\u1ea3n ph\u1ea9m ch\u00ednh h\u00e3ng, \u0111\u1ea3m b\u1ea3o ch\u1ea5t l\u01b0\u1ee3ng, an to\u00e0n cho Nh\u00e0 ph\u00e2n ph\u1ed1i, \u0110\u1ea1i l\u00fd theo \u0111\u00fang gi\u00e1 quy \u0111\u1ecbnh trong b\u1ea3ng b\u00e1o gi\u00e1<\/span><br \/>\n<span style=\"color: #4d4c4c;\">\u2013 S Vi\u1ec7t AAB s\u1ebd th\u01b0\u1eddng xuy\u00ean xem x\u00e9t v\u00e0 c\u00f3 ch\u00ednh s\u00e1ch \u01b0u \u0111\u00e3i t\u1ed1t h\u01a1n \u0111\u1ed1i v\u1edbi Nh\u00e0 ph\u00e2n ph\u1ed1i, \u0110\u1ea1i l\u00fd nh\u1eadp h\u00e0ng th\u01b0\u1eddng xuy\u00ean.<\/span><\/p>\n\t\t\n<style>\n#text-1173364680 {\n  color: rgb(77, 76, 76);\n}\n#text-1173364680 > * {\n  color: rgb(77, 76, 76);\n}\n<\/style>\n\t<\/div>\n\t\n\t\t<\/div>\n\t\t\t\t\n<style>\n#col-1717657587 > .col-inner {\n  padding: 0px 0px 0px 0px;\n}\n@media (min-width:850px) {\n  #col-1717657587 > .col-inner {\n    padding: 0px 50px 0px 50px;\n  }\n}\n<\/style>\n\t<\/div>\n\n\t\n\n\t<div id=\"col-180670351\" class=\"col medium-9 small-12 large-6 medium-col-first\"  >\n\t\t\t\t<div class=\"col-inner\"  >\n\t\t\t\n\t\t\t\n\n  <div class=\"banner has-hover\" id=\"banner-501217195\">\n          <div class=\"banner-inner fill\">\n        <div class=\"banner-bg fill\" >\n            <img decoding=\"async\" width=\"800\" height=\"604\" src=\"https:\/\/svaab.vn\/wp-content\/uploads\/2021\/08\/8.png\" class=\"bg attachment-original size-original\" alt=\"\" \/>                                    \n                    <\/div>\n\t\t\n        <div class=\"banner-layers container\">\n            <div class=\"fill banner-link\"><\/div>            \n        <\/div>\n      <\/div>\n\n            \n<style>\n#banner-501217195 {\n  padding-top: 300px;\n}\n#banner-501217195 .banner-bg img {\n  object-position: 48% 68%;\n}\n@media (min-width:850px) {\n  #banner-501217195 {\n    padding-top: 70%;\n  }\n}\n<\/style>\n  <\/div>\n\n\n\t\t<\/div>\n\t\t\t\t\t<\/div>\n\n\t\n<\/div>\n\t\t<\/div>\n\n\t\t\n<style>\n#section_33172145 {\n  padding-top: 0px;\n  padding-bottom: 0px;\n}\n<\/style>\n\t<\/section>\n\t\n\n\t<section class=\"section\" id=\"section_1663057490\">\n\t\t<div class=\"section-bg fill\" >\n\t\t\t\t\t\t\t\t\t\n\t\t\t\n\n\t\t<\/div>\n\n\t\t\n\n\t\t<div class=\"section-content relative\">\n\t\t\t\n<div class=\"row row-large align-middle align-center\" style=\"max-width:1400px\" id=\"row-91151912\">\n\n\t<div id=\"col-197959745\" class=\"col medium-9 small-12 large-6\"  >\n\t\t\t\t<div class=\"col-inner\"  >\n\t\t\t\n\t\t\t\n\n  <div class=\"banner has-hover\" id=\"banner-1995269715\">\n          <div class=\"banner-inner fill\">\n        <div class=\"banner-bg fill\" >\n            <img decoding=\"async\" width=\"800\" height=\"604\" src=\"https:\/\/svaab.vn\/wp-content\/uploads\/2021\/08\/4.png\" class=\"bg attachment-original size-original\" alt=\"\" \/>                                    \n                    <\/div>\n\t\t\n        <div class=\"banner-layers container\">\n            <div class=\"fill banner-link\"><\/div>            \n        <\/div>\n      <\/div>\n\n            \n<style>\n#banner-1995269715 {\n  padding-top: 300px;\n}\n#banner-1995269715 .banner-bg img {\n  object-position: 55% 0%;\n}\n@media (min-width:850px) {\n  #banner-1995269715 {\n    padding-top: 70%;\n  }\n}\n<\/style>\n  <\/div>\n\n\n\t\t<\/div>\n\t\t\t\t\t<\/div>\n\n\t\n\n\t<div id=\"col-289544099\" class=\"col medium-9 small-12 large-6\"  >\n\t\t\t\t<div class=\"col-inner text-left\"  >\n\t\t\t\n\t\t\t\n\t<div id=\"text-1313725687\" class=\"text\">\n\t\t\n<h3><strong><span style=\"color: #4d4c4c;\">3. H\u1ee3p \u0111\u1ed3ng &amp; c\u00f4ng n\u1ee3<\/span><\/strong><\/h3>\n<p style=\"text-align: justify;\"><span style=\"color: #4d4c4c;\">\u2013 Sau khi hai b\u00ean k\u00fd h\u1ee3p \u0111\u1ed3ng, Nh\u00e0 ph\u00e2n ph\u1ed1i, \u0110\u1ea1i l\u00fd s\u1ebd thanh to\u00e1n 100% gi\u00e1 tr\u1ecb \u0111\u01a1n h\u00e0ng tr\u01b0\u1edbc khi giao h\u00e0ng.<\/span><br \/>\n<span style=\"color: #4d4c4c;\">\u2013 Tr\u00ean c\u1edf s\u1edf k\u1ebft qu\u1ea3 h\u1ee3p t\u00e1c v\u00e0 l\u1ecbch s\u1eed thanh to\u00e1n, Nh\u00e0 ph\u00e2n ph\u1ed1i, \u0110\u1ea1i l\u00fd s\u1ebd \u0111\u01b0\u1ee3c h\u01b0\u1edfng c\u00e1c m\u1ee9c \u01b0u \u0111\u00e3i t\u1ed1t h\u01a1n v\u1ec1 ch\u00ednh s\u00e1ch t\u00edn d\u1ee5ng v\u00e0 c\u00f4ng n\u1ee3.<\/span><\/p>\n\t\t\n<style>\n#text-1313725687 {\n  color: rgb(77, 76, 76);\n}\n#text-1313725687 > * {\n  color: rgb(77, 76, 76);\n}\n<\/style>\n\t<\/div>\n\t\n\t\t<\/div>\n\t\t\t\t\n<style>\n#col-289544099 > .col-inner {\n  padding: 0px 0px 0px 0px;\n}\n@media (min-width:850px) {\n  #col-289544099 > .col-inner {\n    padding: 0px 50px 0px 50px;\n  }\n}\n<\/style>\n\t<\/div>\n\n\t\n<\/div>\n\t<div id=\"gap-1416034693\" class=\"gap-element clearfix\" style=\"display:block; height:auto;\">\n\t\t\n<style>\n#gap-1416034693 {\n  padding-top: 30px;\n}\n<\/style>\n\t<\/div>\n\t\n\t\t<\/div>\n\n\t\t\n<style>\n#section_1663057490 {\n  padding-top: 0px;\n  padding-bottom: 0px;\n}\n<\/style>\n\t<\/section>\n\t\n\n\t<section class=\"section dark has-parallax\" id=\"section_62649207\">\n\t\t<div class=\"section-bg fill\" data-parallax-container=\".section\" data-parallax-background data-parallax=\"-9\">\n\t\t\t<img decoding=\"async\" width=\"800\" height=\"604\" src=\"https:\/\/svaab.vn\/wp-content\/uploads\/2021\/08\/2.png\" class=\"bg attachment- size-\" alt=\"\" \/>\t\t\t\t\t\t<div class=\"section-bg-overlay absolute fill\"><\/div>\n\t\t\t\n\n\t\t<\/div>\n\n\t\t\n\n\t\t<div class=\"section-content relative\">\n\t\t\t\n\t<div id=\"gap-1986043464\" class=\"gap-element clearfix\" style=\"display:block; height:auto;\">\n\t\t\n<style>\n#gap-1986043464 {\n  padding-top: 30px;\n}\n<\/style>\n\t<\/div>\n\t\n<div class=\"row align-center\"  id=\"row-146603607\">\n\n\t<div id=\"col-711970475\" class=\"col medium-9 small-12 large-9\"  >\n\t\t\t\t<div class=\"col-inner text-center\"  >\n\t\t\t\n\t\t\t\n<h3><span style=\"color: #f2f0f0;\">\u0110\u1ec3 nh\u1eadn ch\u00ednh s\u00e1ch b\u00e1n h\u00e0ng v\u00e0 b\u00e1o gi\u00e1 s\u1ea3n ph\u1ea9m chi ti\u1ebft, qu\u00fd \u0111\u1ed1i t\u00e1c xin li\u00ean h\u1ec7:<\/span><\/h3>\n<a href=\"#\" class=\"button primary is-larger\"  style=\"border-radius:99px;\">\n\t\t<span>hotline: 090 234 2426<\/span>\n\t<\/a>\n\n\t\t<\/div>\n\t\t\t\t\t<\/div>\n\n\t\n<\/div>\n\t\t<\/div>\n\n\t\t\n<style>\n#section_62649207 {\n  padding-top: 30px;\n  padding-bottom: 30px;\n  min-height: 300px;\n  background-color: rgb(0, 0, 0);\n}\n#section_62649207 .section-bg-overlay {\n  background-color: rgba(77, 76, 76, 0.698);\n}\n#section_62649207 .section-bg img {\n  object-position: 48% 33%;\n}\n@media (min-width:550px) {\n  #section_62649207 {\n    min-height: 400px;\n  }\n}\n<\/style>\n\t<\/section>\n\t\n","protected":false},"excerpt":{"rendered":"","protected":false},"author":1,"featured_media":0,"parent":0,"menu_order":0,"comment_status":"closed","ping_status":"closed","template":"","meta":{"footnotes":""},"class_list":["post-3129","page","type-page","status-publish","hentry"],"_links":{"self":[{"href":"https:\/\/svaab.vn\/en\/wp-json\/wp\/v2\/pages\/3129","targetHints":{"allow":["GET"]}}],"collection":[{"href":"https:\/\/svaab.vn\/en\/wp-json\/wp\/v2\/pages"}],"about":[{"href":"https:\/\/svaab.vn\/en\/wp-json\/wp\/v2\/types\/page"}],"author":[{"embeddable":true,"href":"https:\/\/svaab.vn\/en\/wp-json\/wp\/v2\/users\/1"}],"replies":[{"embeddable":true,"href":"https:\/\/svaab.vn\/en\/wp-json\/wp\/v2\/comments?post=3129"}],"version-history":[{"count":1,"href":"https:\/\/svaab.vn\/en\/wp-json\/wp\/v2\/pages\/3129\/revisions"}],"predecessor-version":[{"id":3130,"href":"https:\/\/svaab.vn\/en\/wp-json\/wp\/v2\/pages\/3129\/revisions\/3130"}],"wp:attachment":[{"href":"https:\/\/svaab.vn\/en\/wp-json\/wp\/v2\/media?parent=3129"}],"curies":[{"name":"wp","href":"https:\/\/api.w.org\/{rel}","templated":true}]}}